{"id":142,"date":"2012-05-21T12:55:25","date_gmt":"2012-05-21T10:55:25","guid":{"rendered":"http:\/\/www.hotel-cortina.com\/wordpress\/?page_id=142"},"modified":"2016-05-21T06:37:37","modified_gmt":"2016-05-21T06:37:37","slug":"rooms","status":"publish","type":"page","link":"https:\/\/www.clubhotelcortina.com\/hu\/szobak-5\/","title":{"rendered":"Szob\u00e1k"},"content":{"rendered":"<p><\/p>\n<table class=\"contanttable\" style=\"width: 950px; height: 338px;\" border=\"0\" cellspacing=\"0\" cellpadding=\"0\">\n<tbody>\n<tr>\n<td class=\"cthead\" align=\"left\" valign=\"top\">\n<h1>\u00c9rezze mag\u00e1t otthon apartmanjainkban<\/h1>\n<\/td>\n<td class=\"ctc\" align=\"left\" valign=\"top\" width=\"240\"><span id=\"result_box\" lang=\"hu\">Helyezze mag\u00e1t k\u00e9nyelembe b\u00e1rmelyik, a k\u00f6zelm\u00faltban fel\u00faj\u00edtott \u00e9s \u00fajradekor\u00e1lt, szob\u00e1nkban.<\/span><\/td>\n<td class=\"ctc\" align=\"left\" valign=\"top\" width=\"240\"><span id=\"result_box2\" lang=\"hu\">Mindegyik szoba telefonnal \u00e9s k\u00e1belt\u00e9v\u00e9vel, valamint ingyenes internet-hozz\u00e1f\u00e9r\u00e9ssel rendelkezik.<\/span><\/td>\n<\/tr>\n<tr>\n<td class=\"cthead\" align=\"left\" valign=\"top\">\n<h1>F\u00fcrd\u0151szoba<\/h1>\n<\/td>\n<td class=\"ctc\" align=\"left\" valign=\"top\" width=\"240\">Minden szob\u00e1ban van k\u00e9nyelmes f\u00fcrd\u0151szoba zuhanyz\u00f3val vagy k\u00e1ddal, valamint egy integr\u00e1lt hajsz\u00e1r\u00edt\u00f3val. Alapvet\u0151 tiszt\u00e1lkod\u00f3szerek k\u00e9r\u00e9sre rendelkez\u00e9sre \u00e1llnak a recepci\u00f3n<\/td>\n<td class=\"ctc\" align=\"left\" valign=\"top\" width=\"240\"><\/td>\n<\/tr>\n<tr>\n<td class=\"cthead\" align=\"left\" valign=\"top\">\n<h1>Reggeli<\/h1>\n<\/td>\n<td class=\"ctc\" align=\"left\" valign=\"top\" width=\"240\"><span id=\"result_box5\" lang=\"hu\">Kezdje a napot a sv\u00e9dasztalos reggelivel, mely k\u00e1v\u00e9, te\u00e1t, forr\u00f3 csokol\u00e1d\u00e9t, szabadon v\u00e1laszt\u00e1tott gy\u00fcm\u00f6lcslevet, k\u00fcl\u00f6nf\u00e9le kenyereket, felv\u00e1gottakat \u00e9s sajtokat, tort\u00e1kat \u00e9s s\u00fctem\u00e9nyeket, lekv\u00e1rt, m\u00fczlit \u00e9s gabonaf\u00e9l\u00e9ket, valamint friss gy\u00fcm\u00f6lcs\u00f6t k\u00edn\u00e1l.<\/span><\/td>\n<td class=\"ctc\" align=\"left\" valign=\"top\" width=\"240\"><a href=\"..\/wp-content\/uploads\/2.swf\" target=\"_blank\"><img loading=\"lazy\" decoding=\"async\" class=\"alignnone size-full wp-image-200\" title=\"11\" alt=\"\" src=\"http:\/\/www.clubhotelcortina.com\/wp-content\/uploads\/2012\/06\/2_small.jpg\" width=\"240\" height=\"139\" border=\"0\" \/><\/a><\/td>\n<\/tr>\n<\/tbody>\n<\/table>\n<p><\/p>","protected":false},"excerpt":{"rendered":"<p>\u00c9rezze mag\u00e1t otthon apartmanjainkban Helyezze mag\u00e1t k\u00e9nyelembe b\u00e1rmelyik, a k\u00f6zelm\u00faltban fel\u00faj\u00edtott \u00e9s \u00fajradekor\u00e1lt, szob\u00e1nkban. Mindegyik szoba telefonnal \u00e9s k\u00e1belt\u00e9v\u00e9vel, valamint ingyenes internet-hozz\u00e1f\u00e9r\u00e9ssel rendelkezik. F\u00fcrd\u0151szoba Minden szob\u00e1ban van k\u00e9nyelmes f\u00fcrd\u0151szoba zuhanyz\u00f3val vagy k\u00e1ddal, valamint egy integr\u00e1lt hajsz\u00e1r\u00edt\u00f3val. Alapvet\u0151 tiszt\u00e1lkod\u00f3szerek k\u00e9r\u00e9sre rendelkez\u00e9sre \u00e1llnak a recepci\u00f3n Reggeli Kezdje a napot a sv\u00e9dasztalos reggelivel, mely k\u00e1v\u00e9, te\u00e1t, forr\u00f3 csokol\u00e1d\u00e9t, [&hellip;]<\/p>\n","protected":false},"author":1,"featured_media":0,"parent":0,"menu_order":0,"comment_status":"open","ping_status":"open","template":"gallery.php","meta":{"ngg_post_thumbnail":0,"footnotes":""},"class_list":["post-142","page","type-page","status-publish","hentry"],"acf":[],"aioseo_notices":[],"_links":{"self":[{"href":"https:\/\/www.clubhotelcortina.com\/hu\/wp-json\/wp\/v2\/pages\/142","targetHints":{"allow":["GET"]}}],"collection":[{"href":"https:\/\/www.clubhotelcortina.com\/hu\/wp-json\/wp\/v2\/pages"}],"about":[{"href":"https:\/\/www.clubhotelcortina.com\/hu\/wp-json\/wp\/v2\/types\/page"}],"author":[{"embeddable":true,"href":"https:\/\/www.clubhotelcortina.com\/hu\/wp-json\/wp\/v2\/users\/1"}],"replies":[{"embeddable":true,"href":"https:\/\/www.clubhotelcortina.com\/hu\/wp-json\/wp\/v2\/comments?post=142"}],"version-history":[{"count":0,"href":"https:\/\/www.clubhotelcortina.com\/hu\/wp-json\/wp\/v2\/pages\/142\/revisions"}],"wp:attachment":[{"href":"https:\/\/www.clubhotelcortina.com\/hu\/wp-json\/wp\/v2\/media?parent=142"}],"curies":[{"name":"wp","href":"https:\/\/api.w.org\/{rel}","templated":true}]}}