{"id":151,"date":"2012-05-21T13:31:00","date_gmt":"2012-05-21T11:31:00","guid":{"rendered":"http:\/\/www.hotel-cortina.com\/wordpress\/?page_id=151"},"modified":"2012-08-30T15:45:55","modified_gmt":"2012-08-30T15:45:55","slug":"prices","status":"publish","type":"page","link":"https:\/\/www.clubhotelcortina.com\/hu\/prices\/","title":{"rendered":"\u00c1rak"},"content":{"rendered":"<p>\n<table id=\"wp-table-reloaded-id-3-no-1\" class=\"wp-table-reloaded wp-table-reloaded-id-3\">\n<thead>\n\t<tr class=\"row-1 odd\">\n\t\t<th class=\"column-1\">Kateg\u00f3ria<\/th><th class=\"column-2\">\"A\" szezon<br \/>\r\n<br \/>\r\n\u00c1rak eur\u00f3ban<br \/>\r\n2014.04.01 \u00e9s<br \/>\r\n2014.12.28 k\u00f6z\u00f6tt<\/th><th class=\"column-3\">\"B\" szezon<br \/>\r\n<br \/>\r\nSzilveszter <br \/>\r\n2014.12.29 \u00e9s<br \/>\r\n2015.01.02 k\u00f6z\u00f6tt<\/th><th class=\"column-4\">\"A\" szezon<br \/>\r\n<br \/>\r\n\u00c1rak eur\u00f3ban<br \/>\r\n2015.01.03 \u00e9s<br \/>\r\n2015.03.31 k\u00f6z\u00f6tt<\/th>\n\t<\/tr>\n<\/thead>\n<tbody>\n\t<tr class=\"row-2 even\">\n\t\t<td class=\"column-1\">Egyszem\u00e9lyes szoba<\/td><td class=\"column-2\">87,00<\/td><td class=\"column-3\">98,00<\/td><td class=\"column-4\">87,00<\/td>\n\t<\/tr>\n\t<tr class=\"row-3 odd\">\n\t\t<td class=\"column-1\">K\u00e9tszem\u00e9lyes szoba<\/td><td class=\"column-2\">124,00<\/td><td class=\"column-3\">154,00<\/td><td class=\"column-4\">124,00<\/td>\n\t<\/tr>\n\t<tr class=\"row-4 even\">\n\t\t<td class=\"column-1\">H\u00e1romszem\u00e9lyes szoba<\/td><td class=\"column-2\">170,00<\/td><td class=\"column-3\">197,00<\/td><td class=\"column-4\">170,00<\/td>\n\t<\/tr>\n\t<tr class=\"row-5 odd\">\n\t\t<td class=\"column-1\">N\u00e9gyszem\u00e9lyes szoba<\/td><td class=\"column-2\">208,00<\/td><td class=\"column-3\">239,00<\/td><td class=\"column-4\">208,00<\/td>\n\t<\/tr>\n\t<tr class=\"row-6 even\">\n\t\t<td class=\"column-1\">Egyszem\u00e9lyes lakoszt\u00e1ly<\/td><td class=\"column-2\">133,00<\/td><td class=\"column-3\">170,00<\/td><td class=\"column-4\">133,00<\/td>\n\t<\/tr>\n\t<tr class=\"row-7 odd\">\n\t\t<td class=\"column-1\">K\u00e9tszem\u00e9lyes lakoszt\u00e1ly<\/td><td class=\"column-2\">170,00<\/td><td class=\"column-3\">197,00<\/td><td class=\"column-4\">170,00<\/td>\n\t<\/tr>\n\t<tr class=\"row-8 even\">\n\t\t<td class=\"column-1\">K\u00e9tszem\u00e9lyes apartman<\/td><td class=\"column-2\">170,00<\/td><td class=\"column-3\">197,00<\/td><td class=\"column-4\">170,00<\/td>\n\t<\/tr>\n\t<tr class=\"row-9 odd\">\n\t\t<td class=\"column-1\">tov\u00e1bbi szem\u00e9ly<\/td><td class=\"column-2\">47,00<\/td><td class=\"column-3\">52,00<\/td><td class=\"column-4\">47,00<\/td>\n\t<\/tr>\n\t<tr class=\"row-10 even\">\n\t\t<td class=\"column-1\">Gyermekek 12 \u00e9ves korig a sz\u00fcl\u0151k szob\u00e1iban ingyenesen sz\u00e1llhatnak meg.<\/td><td class=\"column-2\"><\/td><td class=\"column-3\"><\/td><td class=\"column-4\"><\/td>\n\t<\/tr>\n<\/tbody>\n<\/table>\n<br \/>\n<\/p>","protected":false},"excerpt":{"rendered":"","protected":false},"author":1,"featured_media":0,"parent":0,"menu_order":0,"comment_status":"open","ping_status":"open","template":"","meta":{"ngg_post_thumbnail":0,"footnotes":""},"class_list":["post-151","page","type-page","status-publish","hentry"],"acf":[],"aioseo_notices":[],"_links":{"self":[{"href":"https:\/\/www.clubhotelcortina.com\/hu\/wp-json\/wp\/v2\/pages\/151","targetHints":{"allow":["GET"]}}],"collection":[{"href":"https:\/\/www.clubhotelcortina.com\/hu\/wp-json\/wp\/v2\/pages"}],"about":[{"href":"https:\/\/www.clubhotelcortina.com\/hu\/wp-json\/wp\/v2\/types\/page"}],"author":[{"embeddable":true,"href":"https:\/\/www.clubhotelcortina.com\/hu\/wp-json\/wp\/v2\/users\/1"}],"replies":[{"embeddable":true,"href":"https:\/\/www.clubhotelcortina.com\/hu\/wp-json\/wp\/v2\/comments?post=151"}],"version-history":[{"count":0,"href":"https:\/\/www.clubhotelcortina.com\/hu\/wp-json\/wp\/v2\/pages\/151\/revisions"}],"wp:attachment":[{"href":"https:\/\/www.clubhotelcortina.com\/hu\/wp-json\/wp\/v2\/media?parent=151"}],"curies":[{"name":"wp","href":"https:\/\/api.w.org\/{rel}","templated":true}]}}