{"id":2,"date":"2012-08-30T15:20:23","date_gmt":"2012-08-30T15:20:23","guid":{"rendered":"http:\/\/www.clubhotelcortina.com\/?page_id=2"},"modified":"2016-05-21T06:19:02","modified_gmt":"2016-05-21T06:19:02","slug":"thankyou","status":"publish","type":"page","link":"https:\/\/www.clubhotelcortina.com\/hu\/koeszoenjuek\/","title":{"rendered":"K\u00f6sz\u00f6nj\u00fck!"},"content":{"rendered":"<p><\/p>\n<h1>K\u00f6sz\u00f6nj\u00fck!<\/h1>\n<p>  K\u00e9r\u00e9s\u00e9t hamarosan feldolgozzuk \u00e9s felvessz\u00fck \u00d6nnel a kapcsolatot a megadott e-mail c\u00edmen. Foglal\u00e1sa csak az e-mail visszaigazol\u00e1st k\u00f6vet\u0151en v\u00e1lik v\u00e9glegess\u00e9.<\/p>","protected":false},"excerpt":{"rendered":"<p>K\u00f6sz\u00f6nj\u00fck! K\u00e9r\u00e9s\u00e9t hamarosan feldolgozzuk \u00e9s felvessz\u00fck \u00d6nnel a kapcsolatot a megadott e-mail c\u00edmen. Foglal\u00e1sa csak az e-mail visszaigazol\u00e1st k\u00f6vet\u0151en v\u00e1lik v\u00e9glegess\u00e9.<\/p>\n","protected":false},"author":1,"featured_media":0,"parent":0,"menu_order":0,"comment_status":"open","ping_status":"open","template":"","meta":{"ngg_post_thumbnail":0,"footnotes":""},"class_list":["post-2","page","type-page","status-publish","hentry"],"acf":[],"aioseo_notices":[],"_links":{"self":[{"href":"https:\/\/www.clubhotelcortina.com\/hu\/wp-json\/wp\/v2\/pages\/2","targetHints":{"allow":["GET"]}}],"collection":[{"href":"https:\/\/www.clubhotelcortina.com\/hu\/wp-json\/wp\/v2\/pages"}],"about":[{"href":"https:\/\/www.clubhotelcortina.com\/hu\/wp-json\/wp\/v2\/types\/page"}],"author":[{"embeddable":true,"href":"https:\/\/www.clubhotelcortina.com\/hu\/wp-json\/wp\/v2\/users\/1"}],"replies":[{"embeddable":true,"href":"https:\/\/www.clubhotelcortina.com\/hu\/wp-json\/wp\/v2\/comments?post=2"}],"version-history":[{"count":0,"href":"https:\/\/www.clubhotelcortina.com\/hu\/wp-json\/wp\/v2\/pages\/2\/revisions"}],"wp:attachment":[{"href":"https:\/\/www.clubhotelcortina.com\/hu\/wp-json\/wp\/v2\/media?parent=2"}],"curies":[{"name":"wp","href":"https:\/\/api.w.org\/{rel}","templated":true}]}}